{"id":142,"date":"2024-03-04T15:59:24","date_gmt":"2024-03-04T15:59:24","guid":{"rendered":"https:\/\/hollywoodbeforethecode.parisnanterre.fr\/?post_type=product&#038;p=142"},"modified":"2024-03-26T10:03:13","modified_gmt":"2024-03-26T10:03:13","slug":"diner-de-gala","status":"publish","type":"product","link":"https:\/\/hollywoodbeforethecode.parisnanterre.fr\/index.php\/product\/diner-de-gala\/","title":{"rendered":"Gala Dinner"},"content":{"rendered":"<p style=\"font-weight: 400;\"><strong>Hollywood Pre-Code International Conference in Paris, Gala dinner, Friday, June 28, 2024<br \/>\n<\/strong><\/p>\n<p>&nbsp;<\/p>\n<p>at 9:00 pm<\/p>\n<div class=\"gmail_default\"><b>D\u00eener de gala au restaurant L&#8217;Escarmouche, grande cave vo\u00fbt\u00e9e au sous-sol<\/b><b><\/b><\/div>\n<div class=\"gmail_default\"><b>le vendredi 28 juin 2024 \u00e0 21h<\/b><\/div>\n<div>\n<div class=\"gmail_default\">40 Rue de la Montagne Ste Genevi\u00e8ve, 75005 Paris\u00a0\/ France<\/div>\n<div>T\u00e9l.:\u00a0<a href=\"https:\/\/www.google.com\/search?client=firefox-b-d&amp;q=restaurant+l%27escarmouche+paris+5#\" target=\"_blank\" rel=\"noopener\" data-saferedirecturl=\"https:\/\/www.google.com\/url?q=https:\/\/www.google.com\/search?client%3Dfirefox-b-d%26q%3Drestaurant%2Bl%2527escarmouche%2Bparis%2B5%23&amp;source=gmail&amp;ust=1707412298539000&amp;usg=AOvVaw2eBokFRL4nTJqpLcVR_Szn\"><span aria-label=\"Appeler le +33 1 46 33 30 46\">+33 1 46 33 30 46<\/span><\/a><\/div>\n<\/div>\n","protected":false},"excerpt":{"rendered":"<p>Hollywood Pre-Code International Conference in Paris, Gala dinner, Friday, June 28, 2024 &nbsp; at 9:00 pm D\u00eener de gala au restaurant L&#8217;Escarmouche, grande cave vo\u00fbt\u00e9e au sous-sol le vendredi 28 juin 2024 \u00e0 21h 40 Rue de la Montagne Ste Genevi\u00e8ve, 75005 Paris\u00a0\/ France T\u00e9l.:\u00a0+33 1 46 33 30 46<\/p>\n","protected":false},"featured_media":74,"template":"","meta":{"_kad_blocks_custom_css":"","_kad_blocks_head_custom_js":"","_kad_blocks_body_custom_js":"","_kad_blocks_footer_custom_js":"","_kadence_starter_templates_imported_post":false,"_kad_post_transparent":"default","_kad_post_title":"","_kad_post_layout":"default","_kad_post_sidebar_id":"","_kad_post_content_style":"default","_kad_post_vertical_padding":"default","_kad_post_feature":"","_kad_post_feature_position":"","_kad_post_header":false,"_kad_post_footer":false,"_kad_post_classname":""},"product_brand":[],"product_cat":[22],"product_tag":[],"class_list":{"0":"post-142","1":"product","2":"type-product","3":"status-publish","4":"has-post-thumbnail","6":"product_cat-non-classe","8":"first","9":"instock","10":"virtual","11":"sold-individually","12":"purchasable","13":"product-type-simple","14":"entry","15":"content-bg","16":"loop-entry"},"taxonomy_info":{"product_cat":[{"value":22,"label":"Non class\u00e9"}]},"featured_image_src_large":["https:\/\/hollywoodbeforethecode.parisnanterre.fr\/wp-content\/uploads\/2024\/02\/restogala1.jpg",550,412,false],"author_info":[],"comment_info":"","_links":{"self":[{"href":"https:\/\/hollywoodbeforethecode.parisnanterre.fr\/index.php\/wp-json\/wp\/v2\/product\/142","targetHints":{"allow":["GET"]}}],"collection":[{"href":"https:\/\/hollywoodbeforethecode.parisnanterre.fr\/index.php\/wp-json\/wp\/v2\/product"}],"about":[{"href":"https:\/\/hollywoodbeforethecode.parisnanterre.fr\/index.php\/wp-json\/wp\/v2\/types\/product"}],"wp:featuredmedia":[{"embeddable":true,"href":"https:\/\/hollywoodbeforethecode.parisnanterre.fr\/index.php\/wp-json\/wp\/v2\/media\/74"}],"wp:attachment":[{"href":"https:\/\/hollywoodbeforethecode.parisnanterre.fr\/index.php\/wp-json\/wp\/v2\/media?parent=142"}],"wp:term":[{"taxonomy":"product_brand","embeddable":true,"href":"https:\/\/hollywoodbeforethecode.parisnanterre.fr\/index.php\/wp-json\/wp\/v2\/product_brand?post=142"},{"taxonomy":"product_cat","embeddable":true,"href":"https:\/\/hollywoodbeforethecode.parisnanterre.fr\/index.php\/wp-json\/wp\/v2\/product_cat?post=142"},{"taxonomy":"product_tag","embeddable":true,"href":"https:\/\/hollywoodbeforethecode.parisnanterre.fr\/index.php\/wp-json\/wp\/v2\/product_tag?post=142"}],"curies":[{"name":"wp","href":"https:\/\/api.w.org\/{rel}","templated":true}]}}